{"id":13412,"date":"2024-01-08T15:19:47","date_gmt":"2024-01-08T09:49:47","guid":{"rendered":"http:\/\/50.28.12.207\/~energizca\/eclairage2\/cap-lights\/"},"modified":"2024-01-08T15:24:59","modified_gmt":"2024-01-08T09:54:59","slug":"cap-lumieres","status":"publish","type":"page","link":"http:\/\/50.28.12.207\/~energizca\/fr\/eclairage\/cap-lumieres\/","title":{"rendered":"Energizer\u00ae Cap Lights"},"content":{"rendered":"\t\t<div data-elementor-type=\"wp-page\" data-elementor-id=\"13412\" class=\"elementor elementor-13412 elementor-13400\" data-elementor-post-type=\"page\">\n\t\t\t\t<div class=\"elementor-element elementor-element-e2ac24b e-flex e-con-boxed e-con e-parent\" data-id=\"e2ac24b\" data-element_type=\"container\" data-settings=\"{&quot;content_width&quot;:&quot;boxed&quot;}\" data-core-v316-plus=\"true\">\n\t\t\t\t\t<div class=\"e-con-inner\">\n\t\t\t\t<div class=\"elementor-element elementor-element-8f3583d elementor-widget elementor-widget-heading\" data-id=\"8f3583d\" data-element_type=\"widget\" data-widget_type=\"heading.default\">\n\t\t\t\t<div class=\"elementor-widget-container\">\n\t\t\t<style>\/*! elementor - v3.19.0 - 05-02-2024 *\/\n.elementor-heading-title{padding:0;margin:0;line-height:1}.elementor-widget-heading .elementor-heading-title[class*=elementor-size-]>a{color:inherit;font-size:inherit;line-height:inherit}.elementor-widget-heading .elementor-heading-title.elementor-size-small{font-size:15px}.elementor-widget-heading .elementor-heading-title.elementor-size-medium{font-size:19px}.elementor-widget-heading .elementor-heading-title.elementor-size-large{font-size:29px}.elementor-widget-heading .elementor-heading-title.elementor-size-xl{font-size:39px}.elementor-widget-heading .elementor-heading-title.elementor-size-xxl{font-size:59px}<\/style><h2 class=\"elementor-heading-title elementor-size-default\">Lampe \u00e0 D\u00c9L pour casquette <em>Energizer<sub>\u00ae<\/sub><\/em><\/h2>\t\t<\/div>\n\t\t\t\t<\/div>\n\t\t\t\t<div class=\"elementor-element elementor-element-25d16c9 elementor-widget-divider--view-line elementor-widget elementor-widget-divider\" data-id=\"25d16c9\" data-element_type=\"widget\" data-widget_type=\"divider.default\">\n\t\t\t\t<div class=\"elementor-widget-container\">\n\t\t\t<style>\/*! elementor - v3.19.0 - 05-02-2024 *\/\n.elementor-widget-divider{--divider-border-style:none;--divider-border-width:1px;--divider-color:#0c0d0e;--divider-icon-size:20px;--divider-element-spacing:10px;--divider-pattern-height:24px;--divider-pattern-size:20px;--divider-pattern-url:none;--divider-pattern-repeat:repeat-x}.elementor-widget-divider .elementor-divider{display:flex}.elementor-widget-divider .elementor-divider__text{font-size:15px;line-height:1;max-width:95%}.elementor-widget-divider .elementor-divider__element{margin:0 var(--divider-element-spacing);flex-shrink:0}.elementor-widget-divider .elementor-icon{font-size:var(--divider-icon-size)}.elementor-widget-divider .elementor-divider-separator{display:flex;margin:0;direction:ltr}.elementor-widget-divider--view-line_icon .elementor-divider-separator,.elementor-widget-divider--view-line_text .elementor-divider-separator{align-items:center}.elementor-widget-divider--view-line_icon .elementor-divider-separator:after,.elementor-widget-divider--view-line_icon .elementor-divider-separator:before,.elementor-widget-divider--view-line_text .elementor-divider-separator:after,.elementor-widget-divider--view-line_text .elementor-divider-separator:before{display:block;content:\"\";border-block-end:0;flex-grow:1;border-block-start:var(--divider-border-width) var(--divider-border-style) var(--divider-color)}.elementor-widget-divider--element-align-left .elementor-divider .elementor-divider-separator>.elementor-divider__svg:first-of-type{flex-grow:0;flex-shrink:100}.elementor-widget-divider--element-align-left .elementor-divider-separator:before{content:none}.elementor-widget-divider--element-align-left .elementor-divider__element{margin-left:0}.elementor-widget-divider--element-align-right .elementor-divider .elementor-divider-separator>.elementor-divider__svg:last-of-type{flex-grow:0;flex-shrink:100}.elementor-widget-divider--element-align-right .elementor-divider-separator:after{content:none}.elementor-widget-divider--element-align-right .elementor-divider__element{margin-right:0}.elementor-widget-divider--element-align-start .elementor-divider .elementor-divider-separator>.elementor-divider__svg:first-of-type{flex-grow:0;flex-shrink:100}.elementor-widget-divider--element-align-start .elementor-divider-separator:before{content:none}.elementor-widget-divider--element-align-start .elementor-divider__element{margin-inline-start:0}.elementor-widget-divider--element-align-end .elementor-divider .elementor-divider-separator>.elementor-divider__svg:last-of-type{flex-grow:0;flex-shrink:100}.elementor-widget-divider--element-align-end .elementor-divider-separator:after{content:none}.elementor-widget-divider--element-align-end .elementor-divider__element{margin-inline-end:0}.elementor-widget-divider:not(.elementor-widget-divider--view-line_text):not(.elementor-widget-divider--view-line_icon) .elementor-divider-separator{border-block-start:var(--divider-border-width) var(--divider-border-style) var(--divider-color)}.elementor-widget-divider--separator-type-pattern{--divider-border-style:none}.elementor-widget-divider--separator-type-pattern.elementor-widget-divider--view-line .elementor-divider-separator,.elementor-widget-divider--separator-type-pattern:not(.elementor-widget-divider--view-line) .elementor-divider-separator:after,.elementor-widget-divider--separator-type-pattern:not(.elementor-widget-divider--view-line) .elementor-divider-separator:before,.elementor-widget-divider--separator-type-pattern:not([class*=elementor-widget-divider--view]) .elementor-divider-separator{width:100%;min-height:var(--divider-pattern-height);-webkit-mask-size:var(--divider-pattern-size) 100%;mask-size:var(--divider-pattern-size) 100%;-webkit-mask-repeat:var(--divider-pattern-repeat);mask-repeat:var(--divider-pattern-repeat);background-color:var(--divider-color);-webkit-mask-image:var(--divider-pattern-url);mask-image:var(--divider-pattern-url)}.elementor-widget-divider--no-spacing{--divider-pattern-size:auto}.elementor-widget-divider--bg-round{--divider-pattern-repeat:round}.rtl .elementor-widget-divider .elementor-divider__text{direction:rtl}.e-con-inner>.elementor-widget-divider,.e-con>.elementor-widget-divider{width:var(--container-widget-width,100%);--flex-grow:var(--container-widget-flex-grow)}<\/style>\t\t<div class=\"elementor-divider\">\n\t\t\t<span class=\"elementor-divider-separator\">\n\t\t\t\t\t\t<\/span>\n\t\t<\/div>\n\t\t\t\t<\/div>\n\t\t\t\t<\/div>\n\t\t\t\t\t<\/div>\n\t\t\t\t<\/div>\n\t\t<div class=\"elementor-element elementor-element-79c0cc7 e-flex e-con-boxed e-con e-parent\" data-id=\"79c0cc7\" data-element_type=\"container\" data-settings=\"{&quot;content_width&quot;:&quot;boxed&quot;}\" data-core-v316-plus=\"true\">\n\t\t\t\t\t<div class=\"e-con-inner\">\n\t\t<div class=\"elementor-element elementor-element-5eea93d e-con-full e-flex e-con e-child\" data-id=\"5eea93d\" data-element_type=\"container\" data-settings=\"{&quot;content_width&quot;:&quot;full&quot;}\">\n\t\t\t\t<div class=\"elementor-element elementor-element-044397f elementor-widget elementor-widget-image\" data-id=\"044397f\" data-element_type=\"widget\" data-widget_type=\"image.default\">\n\t\t\t\t<div class=\"elementor-widget-container\">\n\t\t\t<style>\/*! elementor - v3.19.0 - 05-02-2024 *\/\n.elementor-widget-image{text-align:center}.elementor-widget-image a{display:inline-block}.elementor-widget-image a img[src$=\".svg\"]{width:48px}.elementor-widget-image img{vertical-align:middle;display:inline-block}<\/style>\t\t\t\t\t\t\t\t\t\t<img fetchpriority=\"high\" decoding=\"async\" width=\"500\" height=\"350\" src=\"http:\/\/50.28.12.207\/~energizca\/wp-content\/uploads\/2024\/01\/encap22e-1.png\" class=\"attachment-large size-large wp-image-13415\" alt=\"\" srcset=\"http:\/\/50.28.12.207\/~energizca\/wp-content\/uploads\/2024\/01\/encap22e-1.png 500w, http:\/\/50.28.12.207\/~energizca\/wp-content\/uploads\/2024\/01\/encap22e-1-300x210.png 300w\" sizes=\"(max-width: 500px) 100vw, 500px\" \/>\t\t\t\t\t\t\t\t\t\t\t\t\t<\/div>\n\t\t\t\t<\/div>\n\t\t\t\t<\/div>\n\t\t<div class=\"elementor-element elementor-element-737a830 e-con-full e-flex e-con e-child\" data-id=\"737a830\" data-element_type=\"container\" data-settings=\"{&quot;content_width&quot;:&quot;full&quot;}\">\n\t\t\t\t<div class=\"elementor-element elementor-element-130e5ff elementor-widget-divider--view-line elementor-widget elementor-widget-divider\" data-id=\"130e5ff\" data-element_type=\"widget\" data-widget_type=\"divider.default\">\n\t\t\t\t<div class=\"elementor-widget-container\">\n\t\t\t\t\t<div class=\"elementor-divider\">\n\t\t\t<span class=\"elementor-divider-separator\">\n\t\t\t\t\t\t<\/span>\n\t\t<\/div>\n\t\t\t\t<\/div>\n\t\t\t\t<\/div>\n\t\t\t\t<div class=\"elementor-element elementor-element-a929592 elementor-widget elementor-widget-text-editor\" data-id=\"a929592\" data-element_type=\"widget\" data-widget_type=\"text-editor.default\">\n\t\t\t\t<div class=\"elementor-widget-container\">\n\t\t\t<style>\/*! elementor - v3.19.0 - 05-02-2024 *\/\n.elementor-widget-text-editor.elementor-drop-cap-view-stacked .elementor-drop-cap{background-color:#69727d;color:#fff}.elementor-widget-text-editor.elementor-drop-cap-view-framed .elementor-drop-cap{color:#69727d;border:3px solid;background-color:transparent}.elementor-widget-text-editor:not(.elementor-drop-cap-view-default) .elementor-drop-cap{margin-top:8px}.elementor-widget-text-editor:not(.elementor-drop-cap-view-default) .elementor-drop-cap-letter{width:1em;height:1em}.elementor-widget-text-editor .elementor-drop-cap{float:left;text-align:center;line-height:1;font-size:50px}.elementor-widget-text-editor .elementor-drop-cap-letter{display:inline-block}<\/style>\t\t\t\t<p class=\"family-meta\">Types disponibles: Lampe frontale<\/p>\t\t\t\t\t\t<\/div>\n\t\t\t\t<\/div>\n\t\t\t\t<div class=\"elementor-element elementor-element-c5599cb elementor-widget-divider--view-line elementor-widget elementor-widget-divider\" data-id=\"c5599cb\" data-element_type=\"widget\" data-widget_type=\"divider.default\">\n\t\t\t\t<div class=\"elementor-widget-container\">\n\t\t\t\t\t<div class=\"elementor-divider\">\n\t\t\t<span class=\"elementor-divider-separator\">\n\t\t\t\t\t\t<\/span>\n\t\t<\/div>\n\t\t\t\t<\/div>\n\t\t\t\t<\/div>\n\t\t\t\t<div class=\"elementor-element elementor-element-cf32cc2 elementor-widget elementor-widget-text-editor\" data-id=\"cf32cc2\" data-element_type=\"widget\" data-widget_type=\"text-editor.default\">\n\t\t\t\t<div class=\"elementor-widget-container\">\n\t\t\t\t\t\t\t<p>Afin d\u2019\u00e9clairer tout en vous laissant les mains libres, la lampe pour casquette\u00a0<em>Energizer<\/em><sub>\u00ae<\/sub>\u00a0est pratique et se fixe tout simplement \u00e0 votre casquette. Elle est \u00e0 la fois robuste, l\u00e9g\u00e8re et d\u2019usage confortable dans une vari\u00e9t\u00e9 de situations.<\/p>\t\t\t\t\t\t<\/div>\n\t\t\t\t<\/div>\n\t\t\t\t<\/div>\n\t\t\t\t\t<\/div>\n\t\t\t\t<\/div>\n\t\t\t\t<\/div>\n\t\t","protected":false},"excerpt":{"rendered":"<p>Lampe \u00e0 D\u00c9L pour casquette Energizer\u00ae Types disponibles: Lampe frontale Afin d\u2019\u00e9clairer tout en vous laissant les mains libres, la lampe pour casquette\u00a0Energizer\u00ae\u00a0est pratique et se fixe tout simplement \u00e0 votre casquette. Elle est \u00e0 la fois robuste, l\u00e9g\u00e8re et d\u2019usage confortable dans une vari\u00e9t\u00e9 de situations.<\/p>\n","protected":false},"author":1,"featured_media":0,"parent":10872,"menu_order":0,"comment_status":"closed","ping_status":"closed","template":"elementor_header_footer","meta":{"_acf_changed":false,"footnotes":""},"class_list":["post-13412","page","type-page","status-publish","hentry"],"acf":[],"yoast_head":"<!-- This site is optimized with the Yoast SEO plugin v22.0 - https:\/\/yoast.com\/wordpress\/plugins\/seo\/ -->\n<title>Energizer\u00ae Cap Lights - Energizer CA<\/title>\n<meta name=\"robots\" content=\"index, follow, max-snippet:-1, max-image-preview:large, max-video-preview:-1\" \/>\n<link rel=\"canonical\" href=\"http:\/\/50.28.12.207\/~energizca\/fr\/eclairage\/cap-lumieres\/\" \/>\n<meta property=\"og:locale\" content=\"fr_FR\" \/>\n<meta property=\"og:type\" content=\"article\" \/>\n<meta property=\"og:title\" content=\"Energizer\u00ae Cap Lights - Energizer CA\" \/>\n<meta property=\"og:description\" content=\"Lampe \u00e0 D\u00c9L pour casquette Energizer\u00ae Types disponibles: Lampe frontale Afin d\u2019\u00e9clairer tout en vous laissant les mains libres, la lampe pour casquette\u00a0Energizer\u00ae\u00a0est pratique et se fixe tout simplement \u00e0 votre casquette. Elle est \u00e0 la fois robuste, l\u00e9g\u00e8re et d\u2019usage confortable dans une vari\u00e9t\u00e9 de situations.\" \/>\n<meta property=\"og:url\" content=\"http:\/\/50.28.12.207\/~energizca\/fr\/eclairage\/cap-lumieres\/\" \/>\n<meta property=\"og:site_name\" content=\"Energizer CA\" \/>\n<meta property=\"article:modified_time\" content=\"2024-01-08T09:54:59+00:00\" \/>\n<meta property=\"og:image\" content=\"http:\/\/50.28.12.207\/~energizca\/wp-content\/uploads\/2024\/01\/encap22e-1.png\" \/>\n<script type=\"application\/ld+json\" class=\"yoast-schema-graph\">{\"@context\":\"https:\/\/schema.org\",\"@graph\":[{\"@type\":\"WebPage\",\"@id\":\"http:\/\/50.28.12.207\/~energizca\/fr\/eclairage\/cap-lumieres\/\",\"url\":\"http:\/\/50.28.12.207\/~energizca\/fr\/eclairage\/cap-lumieres\/\",\"name\":\"Energizer\u00ae Cap Lights - Energizer CA\",\"isPartOf\":{\"@id\":\"http:\/\/50.28.12.207\/~energizca\/fr\/#website\"},\"datePublished\":\"2024-01-08T09:49:47+00:00\",\"dateModified\":\"2024-01-08T09:54:59+00:00\",\"breadcrumb\":{\"@id\":\"http:\/\/50.28.12.207\/~energizca\/fr\/eclairage\/cap-lumieres\/#breadcrumb\"},\"inLanguage\":\"fr-FR\",\"potentialAction\":[{\"@type\":\"ReadAction\",\"target\":[\"http:\/\/50.28.12.207\/~energizca\/fr\/eclairage\/cap-lumieres\/\"]}]},{\"@type\":\"BreadcrumbList\",\"@id\":\"http:\/\/50.28.12.207\/~energizca\/fr\/eclairage\/cap-lumieres\/#breadcrumb\",\"itemListElement\":[{\"@type\":\"ListItem\",\"position\":1,\"name\":\"Home\",\"item\":\"http:\/\/50.28.12.207\/~energizca\/fr\/\"},{\"@type\":\"ListItem\",\"position\":2,\"name\":\"lighting\",\"item\":\"http:\/\/50.28.12.207\/~energizca\/fr\/eclairage\/\"},{\"@type\":\"ListItem\",\"position\":3,\"name\":\"Energizer\u00ae Cap Lights\"}]},{\"@type\":\"WebSite\",\"@id\":\"http:\/\/50.28.12.207\/~energizca\/fr\/#website\",\"url\":\"http:\/\/50.28.12.207\/~energizca\/fr\/\",\"name\":\"Energizer CA\",\"description\":\"\",\"publisher\":{\"@id\":\"http:\/\/50.28.12.207\/~energizca\/fr\/#organization\"},\"potentialAction\":[{\"@type\":\"SearchAction\",\"target\":{\"@type\":\"EntryPoint\",\"urlTemplate\":\"http:\/\/50.28.12.207\/~energizca\/fr\/?s={search_term_string}\"},\"query-input\":\"required name=search_term_string\"}],\"inLanguage\":\"fr-FR\"},{\"@type\":\"Organization\",\"@id\":\"http:\/\/50.28.12.207\/~energizca\/fr\/#organization\",\"name\":\"Energizer CA\",\"url\":\"http:\/\/50.28.12.207\/~energizca\/fr\/\",\"logo\":{\"@type\":\"ImageObject\",\"inLanguage\":\"fr-FR\",\"@id\":\"http:\/\/50.28.12.207\/~energizca\/fr\/#\/schema\/logo\/image\/\",\"url\":\"http:\/\/50.28.12.207\/~energizca\/wp-content\/uploads\/2023\/11\/header_logo.png\",\"contentUrl\":\"http:\/\/50.28.12.207\/~energizca\/wp-content\/uploads\/2023\/11\/header_logo.png\",\"width\":421,\"height\":92,\"caption\":\"Energizer CA\"},\"image\":{\"@id\":\"http:\/\/50.28.12.207\/~energizca\/fr\/#\/schema\/logo\/image\/\"}}]}<\/script>\n<!-- \/ Yoast SEO plugin. -->","yoast_head_json":{"title":"Energizer\u00ae Cap Lights - Energizer CA","robots":{"index":"index","follow":"follow","max-snippet":"max-snippet:-1","max-image-preview":"max-image-preview:large","max-video-preview":"max-video-preview:-1"},"canonical":"http:\/\/50.28.12.207\/~energizca\/fr\/eclairage\/cap-lumieres\/","og_locale":"fr_FR","og_type":"article","og_title":"Energizer\u00ae Cap Lights - Energizer CA","og_description":"Lampe \u00e0 D\u00c9L pour casquette Energizer\u00ae Types disponibles: Lampe frontale Afin d\u2019\u00e9clairer tout en vous laissant les mains libres, la lampe pour casquette\u00a0Energizer\u00ae\u00a0est pratique et se fixe tout simplement \u00e0 votre casquette. Elle est \u00e0 la fois robuste, l\u00e9g\u00e8re et d\u2019usage confortable dans une vari\u00e9t\u00e9 de situations.","og_url":"http:\/\/50.28.12.207\/~energizca\/fr\/eclairage\/cap-lumieres\/","og_site_name":"Energizer CA","article_modified_time":"2024-01-08T09:54:59+00:00","og_image":[{"url":"http:\/\/50.28.12.207\/~energizca\/wp-content\/uploads\/2024\/01\/encap22e-1.png"}],"schema":{"@context":"https:\/\/schema.org","@graph":[{"@type":"WebPage","@id":"http:\/\/50.28.12.207\/~energizca\/fr\/eclairage\/cap-lumieres\/","url":"http:\/\/50.28.12.207\/~energizca\/fr\/eclairage\/cap-lumieres\/","name":"Energizer\u00ae Cap Lights - Energizer CA","isPartOf":{"@id":"http:\/\/50.28.12.207\/~energizca\/fr\/#website"},"datePublished":"2024-01-08T09:49:47+00:00","dateModified":"2024-01-08T09:54:59+00:00","breadcrumb":{"@id":"http:\/\/50.28.12.207\/~energizca\/fr\/eclairage\/cap-lumieres\/#breadcrumb"},"inLanguage":"fr-FR","potentialAction":[{"@type":"ReadAction","target":["http:\/\/50.28.12.207\/~energizca\/fr\/eclairage\/cap-lumieres\/"]}]},{"@type":"BreadcrumbList","@id":"http:\/\/50.28.12.207\/~energizca\/fr\/eclairage\/cap-lumieres\/#breadcrumb","itemListElement":[{"@type":"ListItem","position":1,"name":"Home","item":"http:\/\/50.28.12.207\/~energizca\/fr\/"},{"@type":"ListItem","position":2,"name":"lighting","item":"http:\/\/50.28.12.207\/~energizca\/fr\/eclairage\/"},{"@type":"ListItem","position":3,"name":"Energizer\u00ae Cap Lights"}]},{"@type":"WebSite","@id":"http:\/\/50.28.12.207\/~energizca\/fr\/#website","url":"http:\/\/50.28.12.207\/~energizca\/fr\/","name":"Energizer CA","description":"","publisher":{"@id":"http:\/\/50.28.12.207\/~energizca\/fr\/#organization"},"potentialAction":[{"@type":"SearchAction","target":{"@type":"EntryPoint","urlTemplate":"http:\/\/50.28.12.207\/~energizca\/fr\/?s={search_term_string}"},"query-input":"required name=search_term_string"}],"inLanguage":"fr-FR"},{"@type":"Organization","@id":"http:\/\/50.28.12.207\/~energizca\/fr\/#organization","name":"Energizer CA","url":"http:\/\/50.28.12.207\/~energizca\/fr\/","logo":{"@type":"ImageObject","inLanguage":"fr-FR","@id":"http:\/\/50.28.12.207\/~energizca\/fr\/#\/schema\/logo\/image\/","url":"http:\/\/50.28.12.207\/~energizca\/wp-content\/uploads\/2023\/11\/header_logo.png","contentUrl":"http:\/\/50.28.12.207\/~energizca\/wp-content\/uploads\/2023\/11\/header_logo.png","width":421,"height":92,"caption":"Energizer CA"},"image":{"@id":"http:\/\/50.28.12.207\/~energizca\/fr\/#\/schema\/logo\/image\/"}}]}},"_links":{"self":[{"href":"http:\/\/50.28.12.207\/~energizca\/fr\/wp-json\/wp\/v2\/pages\/13412","targetHints":{"allow":["GET"]}}],"collection":[{"href":"http:\/\/50.28.12.207\/~energizca\/fr\/wp-json\/wp\/v2\/pages"}],"about":[{"href":"http:\/\/50.28.12.207\/~energizca\/fr\/wp-json\/wp\/v2\/types\/page"}],"author":[{"embeddable":true,"href":"http:\/\/50.28.12.207\/~energizca\/fr\/wp-json\/wp\/v2\/users\/1"}],"replies":[{"embeddable":true,"href":"http:\/\/50.28.12.207\/~energizca\/fr\/wp-json\/wp\/v2\/comments?post=13412"}],"version-history":[{"count":4,"href":"http:\/\/50.28.12.207\/~energizca\/fr\/wp-json\/wp\/v2\/pages\/13412\/revisions"}],"predecessor-version":[{"id":13419,"href":"http:\/\/50.28.12.207\/~energizca\/fr\/wp-json\/wp\/v2\/pages\/13412\/revisions\/13419"}],"up":[{"embeddable":true,"href":"http:\/\/50.28.12.207\/~energizca\/fr\/wp-json\/wp\/v2\/pages\/10872"}],"wp:attachment":[{"href":"http:\/\/50.28.12.207\/~energizca\/fr\/wp-json\/wp\/v2\/media?parent=13412"}],"curies":[{"name":"wp","href":"https:\/\/api.w.org\/{rel}","templated":true}]}}